{"id":1336,"date":"2020-09-17T20:40:11","date_gmt":"2020-09-17T20:40:11","guid":{"rendered":"https:\/\/www.windsorpubliclibrary.com\/learn\/?page_id=1336"},"modified":"2022-03-24T18:48:40","modified_gmt":"2022-03-24T18:48:40","slug":"grade-5-french-core-writing","status":"publish","type":"page","link":"https:\/\/www.windsorpubliclibrary.com\/learn\/index.php\/grade-1-8\/grade-5\/grade-5-french-core-writing\/","title":{"rendered":"Grade 5 &#8211; French Core : Writing"},"content":{"rendered":"<p><strong>Grade 5 Overall Expectations:<\/strong><\/p>\n<p>Write French texts for different purposes and audiences, using\u00a0 a variety of forms<\/p>\n<ul>\n<li><a href=\"https:\/\/wind.ent.sirsidynix.net\/client\/en_US\/default\/search\/detailnonmodal\/ent:$002f$002fSD_ILS$002f0$002fSD_ILS:586687\/one\" target=\"_blank\" rel=\"noopener noreferrer\">Oxford Picture Dictionary. Anglais\/fran\u00e7ais<\/a> (Book)<\/li>\n<li><a href=\"https:\/\/wind.ent.sirsidynix.net\/client\/en_US\/default\/search\/detailnonmodal\/ent:$002f$002fSD_ILS$002f0$002fSD_ILS:634516\/one\" target=\"_blank\" rel=\"noopener noreferrer\">Grand Dictionnaire. Fran\u00e7aise-anglais, Anglais-fran\u00e7ais = French-English, English-French Dictionary<\/a> (Book)<\/li>\n<li><a href=\"https:\/\/grammar.collinsdictionary.com\/french-easy-learning\/et-mais-ou-parce-que-and-si\" target=\"_blank\" rel=\"noopener noreferrer\">Et, mais, ou, parce que and si <\/a>(Website)<\/li>\n<li><a href=\"https:\/\/grammar.collinsdictionary.com\/french-easy-learning\/the-definite-article-le-la-l-and-les\" target=\"_blank\" rel=\"noopener noreferrer\">The definite article \u2013 le, la, l\u2019 and les<\/a> (Website)<\/li>\n<li><a href=\"https:\/\/grammar.collinsdictionary.com\/french-easy-learning\/the-indefinite-article-un-une-and-des\" target=\"_blank\" rel=\"noopener noreferrer\">The indefinite article \u2013 un, une and des<\/a> (Website)<\/li>\n<li><a href=\"https:\/\/grammar.collinsdictionary.com\/french-easy-learning\/the-partitive-article-du-de-la-de-l-and-des\" target=\"_blank\" rel=\"noopener noreferrer\">The partitive article \u2013 du, de la, de l\u2019 and des<\/a> (Website)<\/li>\n<\/ul>\n<p>Use the stages of the writing process &#8211; including pre-writing, producing drafts, revising, editing, and publishing &#8211; to develop and organize content, clarify ideas and\u00a0 expression, correct errors, and present their written work effectively<\/p>\n<ul>\n<li><a href=\"https:\/\/wind.ent.sirsidynix.net\/client\/en_US\/default\/search\/detailnonmodal\/ent:$002f$002fSD_ILS$002f0$002fSD_ILS:107085\/one\" target=\"_blank\" rel=\"noopener noreferrer\">The Kids Can Press French &amp; English Phrase Book<\/a> (Book)<\/li>\n<li><a href=\"https:\/\/grammar.collinsdictionary.com\/french-easy-learning\/word-order-with-adjectives\" target=\"_blank\" rel=\"noopener noreferrer\">Word order with adjectives<\/a> (Website)<\/li>\n<\/ul>\n<p>In their written work, demonstrate an awareness of aspects of\u00a0 culture in diverse French-speaking communities and other communities around the world,\u00a0 and of the appropriate use of French sociolinguistic conventions in a variety of situations<\/p>\n<ul>\n<li><a href=\"https:\/\/wind.ent.sirsidynix.net\/client\/en_US\/default\/search\/detailnonmodal\/ent:$002f$002fSD_ILS$002f0$002fSD_ILS:645258\/one\" target=\"_blank\" rel=\"noopener noreferrer\">Essential French Grammar<\/a> (Book)<\/li>\n<li><a href=\"https:\/\/www.youtube.com\/watch?v=yO9dbnb8o0k\" target=\"_blank\" rel=\"noopener noreferrer\">Langue fran\u00e7aise. Statistiques 2018 <\/a>(YouTube)<\/li>\n<li><a href=\"https:\/\/www.thecanadianencyclopedia.ca\/en\/article\/tarte-au-sucre\" target=\"_blank\" rel=\"noopener noreferrer\">Tarte au sucre <\/a>(website)<\/li>\n<\/ul>\n","protected":false},"excerpt":{"rendered":"<p>Grade 5 Overall Expectations: Write French texts for different purposes and audiences, using\u00a0 a variety of forms Oxford Picture Dictionary. Anglais\/fran\u00e7ais (Book) Grand Dictionnaire. Fran\u00e7aise-anglais, Anglais-fran\u00e7ais = French-English, English-French Dictionary (Book) Et, mais, ou, parce que and si (Website) The definite article \u2013 le, la, l\u2019 and les (Website) The indefinite article \u2013 un, une &hellip; <a class=\"read-excerpt\" href=\"https:\/\/www.windsorpubliclibrary.com\/learn\/index.php\/grade-1-8\/grade-5\/grade-5-french-core-writing\/\">Continue reading <span class=\"meta-nav\">&raquo;<\/span><\/a><\/p>\n","protected":false},"author":1,"featured_media":0,"parent":23,"menu_order":0,"comment_status":"closed","ping_status":"closed","template":"","meta":[],"_links":{"self":[{"href":"https:\/\/www.windsorpubliclibrary.com\/learn\/index.php\/wp-json\/wp\/v2\/pages\/1336"}],"collection":[{"href":"https:\/\/www.windsorpubliclibrary.com\/learn\/index.php\/wp-json\/wp\/v2\/pages"}],"about":[{"href":"https:\/\/www.windsorpubliclibrary.com\/learn\/index.php\/wp-json\/wp\/v2\/types\/page"}],"author":[{"embeddable":true,"href":"https:\/\/www.windsorpubliclibrary.com\/learn\/index.php\/wp-json\/wp\/v2\/users\/1"}],"replies":[{"embeddable":true,"href":"https:\/\/www.windsorpubliclibrary.com\/learn\/index.php\/wp-json\/wp\/v2\/comments?post=1336"}],"version-history":[{"count":5,"href":"https:\/\/www.windsorpubliclibrary.com\/learn\/index.php\/wp-json\/wp\/v2\/pages\/1336\/revisions"}],"predecessor-version":[{"id":3241,"href":"https:\/\/www.windsorpubliclibrary.com\/learn\/index.php\/wp-json\/wp\/v2\/pages\/1336\/revisions\/3241"}],"up":[{"embeddable":true,"href":"https:\/\/www.windsorpubliclibrary.com\/learn\/index.php\/wp-json\/wp\/v2\/pages\/23"}],"wp:attachment":[{"href":"https:\/\/www.windsorpubliclibrary.com\/learn\/index.php\/wp-json\/wp\/v2\/media?parent=1336"}],"curies":[{"name":"wp","href":"https:\/\/api.w.org\/{rel}","templated":true}]}}