{"id":1327,"date":"2020-09-17T20:34:33","date_gmt":"2020-09-17T20:34:33","guid":{"rendered":"https:\/\/www.windsorpubliclibrary.com\/learn\/?page_id=1327"},"modified":"2022-03-22T20:05:34","modified_gmt":"2022-03-22T20:05:34","slug":"grade-5-french-core-listening","status":"publish","type":"page","link":"https:\/\/www.windsorpubliclibrary.com\/learn\/index.php\/grade-1-8\/grade-5\/grade-5-french-core-listening\/","title":{"rendered":"Grade 5 &#8211; French Core : Listening"},"content":{"rendered":"<p><strong>Grade 5 Overall Expectations:<\/strong><\/p>\n<p>Determine meaning in a variety of oral French texts, using a range of listening strategies<\/p>\n<ul>\n<li><a href=\"https:\/\/wind.ent.sirsidynix.net\/client\/en_US\/default\/search\/detailnonmodal\/ent:$002f$002fSD_ILS$002f0$002fSD_ILS:536986\/one\" target=\"_blank\" rel=\"noopener noreferrer\">Bilingual Songs, English-French. Vol. 1<\/a> (Kit)<\/li>\n<li><a href=\"https:\/\/wind.ent.sirsidynix.net\/client\/en_US\/default\/search\/detailnonmodal\/ent:$002f$002fSD_ILS$002f0$002fSD_ILS:536990\/one\" target=\"_blank\" rel=\"noopener noreferrer\">Bilingual Songs, English-French Vol. 2<\/a> (Kit)<\/li>\n<li><a href=\"https:\/\/wind.ent.sirsidynix.net\/client\/en_US\/default\/search\/detailnonmodal\/ent:$002f$002fSD_ILS$002f0$002fSD_ILS:835231\/one\" target=\"_blank\" rel=\"noopener noreferrer\">French Guaranteed<\/a> (Audiobook)<\/li>\n<li><a href=\"https:\/\/www.hoopladigital.com\/title\/10023563\" target=\"_blank\" rel=\"noopener noreferrer\">Clifford the Big Red Dog (FRENCH)<\/a> (Hoopla eAudiobook)<\/li>\n<li><a href=\"https:\/\/www.pbslearningmedia.org\/resource\/french_animation1\/autour-de-la-ville\/\" target=\"_blank\" rel=\"noopener noreferrer\">Autour de la Ville | D\u00e9couverte<\/a> (Website)<\/li>\n<li><a href=\"https:\/\/www.pbslearningmedia.org\/resource\/animation_9\/allons\/\" target=\"_blank\" rel=\"noopener noreferrer\">Allons d\u00eener | D\u00e9couverte <\/a>(Website)<\/li>\n<li><a href=\"https:\/\/www.pbslearningmedia.org\/resource\/french_animation6\/larc-en-ciel-decouverte\/\" target=\"_blank\" rel=\"noopener noreferrer\">L&#8217;Arc en Ciel | D\u00e9couverte <\/a>(Website)<\/li>\n<\/ul>\n<p>Interpret messages accurately while interacting in French for a variety of purposes and with diverse audiences<\/p>\n<ul>\n<li><a href=\"https:\/\/wind.ent.sirsidynix.net\/client\/en_US\/default\/search\/detailnonmodal\/ent:$002f$002fSD_ILS$002f0$002fSD_ILS:827035\/one\" target=\"_blank\" rel=\"noopener noreferrer\">French For All: Learn French &#8211; All Ages<\/a> (LaunchPad)<\/li>\n<li><a href=\"https:\/\/www.youtube.com\/watch?v=1Ukf7m7VTIE\" target=\"_blank\" rel=\"noopener noreferrer\">Comment vas-tu ? \/ Comment allez-vous ? &#8211; &#8220;How are you?&#8221; &#8211; Coffee Break French To Go<\/a> (YouTube)<\/li>\n<li><a href=\"https:\/\/www.youtube.com\/watch?v=3YLdaHc4QQM\" target=\"_blank\" rel=\"noopener noreferrer\">Quelles langues parles-tu ? \/ Quelles langues parlez-vous ? &#8211; Coffee Break French To Go<\/a> (YouTube)<\/li>\n<\/ul>\n<p>Demonstrate an understanding of information in oral French texts about aspects of culture in diverse French-speaking communities and other communities around the world, and of French sociolinguistic conventions used in a variety of situations and communities<\/p>\n<ul>\n<li><a href=\"https:\/\/www.youtube.com\/watch?v=vz8tGTUKQYE\" target=\"_blank\" rel=\"noopener noreferrer\">Qu\u00e9bec Winter Carnival<\/a> (YouTube)<\/li>\n<li><a href=\"https:\/\/www.thecanadianencyclopedia.ca\/en\/article\/festival-international-de-jazz-de-montreal-emc\" target=\"_blank\" rel=\"noopener noreferrer\">Festival international de jazz de Montr\u00e9al<\/a> (Website)<\/li>\n<\/ul>\n","protected":false},"excerpt":{"rendered":"<p>Grade 5 Overall Expectations: Determine meaning in a variety of oral French texts, using a range of listening strategies Bilingual Songs, English-French. Vol. 1 (Kit) Bilingual Songs, English-French Vol. 2 (Kit) French Guaranteed (Audiobook) Clifford the Big Red Dog (FRENCH) (Hoopla eAudiobook) Autour de la Ville | D\u00e9couverte (Website) Allons d\u00eener | D\u00e9couverte (Website) L&#8217;Arc &hellip; <a class=\"read-excerpt\" href=\"https:\/\/www.windsorpubliclibrary.com\/learn\/index.php\/grade-1-8\/grade-5\/grade-5-french-core-listening\/\">Continue reading <span class=\"meta-nav\">&raquo;<\/span><\/a><\/p>\n","protected":false},"author":1,"featured_media":0,"parent":23,"menu_order":0,"comment_status":"closed","ping_status":"closed","template":"","meta":[],"_links":{"self":[{"href":"https:\/\/www.windsorpubliclibrary.com\/learn\/index.php\/wp-json\/wp\/v2\/pages\/1327"}],"collection":[{"href":"https:\/\/www.windsorpubliclibrary.com\/learn\/index.php\/wp-json\/wp\/v2\/pages"}],"about":[{"href":"https:\/\/www.windsorpubliclibrary.com\/learn\/index.php\/wp-json\/wp\/v2\/types\/page"}],"author":[{"embeddable":true,"href":"https:\/\/www.windsorpubliclibrary.com\/learn\/index.php\/wp-json\/wp\/v2\/users\/1"}],"replies":[{"embeddable":true,"href":"https:\/\/www.windsorpubliclibrary.com\/learn\/index.php\/wp-json\/wp\/v2\/comments?post=1327"}],"version-history":[{"count":7,"href":"https:\/\/www.windsorpubliclibrary.com\/learn\/index.php\/wp-json\/wp\/v2\/pages\/1327\/revisions"}],"predecessor-version":[{"id":4045,"href":"https:\/\/www.windsorpubliclibrary.com\/learn\/index.php\/wp-json\/wp\/v2\/pages\/1327\/revisions\/4045"}],"up":[{"embeddable":true,"href":"https:\/\/www.windsorpubliclibrary.com\/learn\/index.php\/wp-json\/wp\/v2\/pages\/23"}],"wp:attachment":[{"href":"https:\/\/www.windsorpubliclibrary.com\/learn\/index.php\/wp-json\/wp\/v2\/media?parent=1327"}],"curies":[{"name":"wp","href":"https:\/\/api.w.org\/{rel}","templated":true}]}}