{"id":1322,"date":"2020-09-17T20:27:38","date_gmt":"2020-09-17T20:27:38","guid":{"rendered":"https:\/\/www.windsorpubliclibrary.com\/learn\/?page_id=1322"},"modified":"2025-08-14T17:29:16","modified_gmt":"2025-08-14T17:29:16","slug":"grade-6-french-core-reading","status":"publish","type":"page","link":"https:\/\/www.windsorpubliclibrary.com\/learn\/index.php\/grade-1-8\/grade-6\/grade-6-french-core-reading\/","title":{"rendered":"Grade 6 &#8211; French Core : Reading"},"content":{"rendered":"<p><strong>Grade 6 Overall Expectations:<\/strong><\/p>\n<p>Determine meaning in a variety of French texts, using a range of reading comprehension strategies<\/p>\n<ul>\n<li><a href=\"https:\/\/wind.ent.sirsidynix.net\/client\/en_US\/default\/search\/detailnonmodal\/ent:$002f$002fSD_ILS$002f0$002fSD_ILS:885712\/one\" target=\"_blank\" rel=\"noopener noreferrer\">Tout sur les oiseaux<\/a> (Book)<\/li>\n<li><a href=\"https:\/\/wind.ent.sirsidynix.net\/client\/en_US\/default\/search\/detailnonmodal\/ent:$002f$002fSD_ILS$002f0$002fSD_ILS:885710\/one\" target=\"_blank\" rel=\"noopener noreferrer\">Tout sur les chevaux<\/a> (Book)<\/li>\n<li><a href=\"https:\/\/wind.ent.sirsidynix.net\/client\/en_US\/default\/search\/detailnonmodal\/ent:$002f$002fSD_ILS$002f0$002fSD_ILS:731850\/one\" target=\"_blank\" rel=\"noopener noreferrer\">Un hamster extraordinaire<\/a> (Book)<\/li>\n<li><a href=\"https:\/\/www.hoopladigital.com\/title\/12342095\" target=\"_blank\" rel=\"noopener noreferrer\">\u00catre g\u00e9n\u00e9reux (Showing Generosity)<\/a> (Hoopla e-book)<\/li>\n<\/ul>\n<p>Identify the purpose(s) and characteristics of a variety of adapted and authentic text forms, including fictional, informational, graphic, and media forms<\/p>\n<ul>\n<li><a href=\"https:\/\/wind.ent.sirsidynix.net\/client\/en_US\/default\/search\/detailnonmodal\/ent:$002f$002fSD_ILS$002f0$002fSD_ILS:878899\/one\" target=\"_blank\" rel=\"noopener noreferrer\">T\u00e9a Stilton 6, Le myst\u00e8re en mer <\/a>(Book)<\/li>\n<li><a href=\"https:\/\/wind.ent.sirsidynix.net\/client\/en_US\/default\/search\/detailnonmodal\/ent:$002f$002fSD_ILS$002f0$002fSD_ILS:636694\/one\" target=\"_blank\" rel=\"noopener noreferrer\">La Monnaie Canadienne<\/a> (Book)<\/li>\n<li><a href=\"https:\/\/wind.ent.sirsidynix.net\/client\/en_US\/default\/search\/detailnonmodal\/ent:$002f$002fSD_ILS$002f0$002fSD_ILS:838595\/one\" target=\"_blank\" rel=\"noopener noreferrer\">Les Chevaux<\/a> (Book)<\/li>\n<li><a href=\"https:\/\/www.tfo.org\/en\/sites\/?s=1100184932\" target=\"_blank\" rel=\"noopener noreferrer\">Le Casse-Boule<\/a> (Website)<\/li>\n<\/ul>\n<p>Demonstrate an understanding of information in French texts about aspects of culture in diverse French-speaking communities and other communities around the\u00a0 world, and of French sociolinguistic conventions used in a variety of situations and communities<\/p>\n<ul>\n<li><a href=\"https:\/\/wind.ent.sirsidynix.net\/client\/en_US\/default\/search\/detailnonmodal\/ent:$002f$002fSD_ILS$002f0$002fSD_ILS:484660\/one\" target=\"_blank\" rel=\"noopener noreferrer\">French In Canada<\/a> (Book)<\/li>\n<li><a href=\"https:\/\/wind.ent.sirsidynix.net\/client\/en_US\/default\/search\/detailnonmodal\/ent:$002f$002fSD_ILS$002f0$002fSD_ILS:668179one\" target=\"_blank\" rel=\"noopener noreferrer\">Festivites de chez nous<\/a> (Book)<\/li>\n<li><a href=\"https:\/\/wind.ent.sirsidynix.net\/client\/en_US\/default\/search\/detailnonmodal\/ent:$002f$002fSD_ILS$002f0$002fSD_ILS:639309\/one\" target=\"_blank\" rel=\"noopener noreferrer\">Les Metis <\/a>(Book)<\/li>\n<li><a href=\"https:\/\/wind.ent.sirsidynix.net\/client\/en_US\/default\/search\/detailnonmodal\/ent:$002f$002fSD_ILS$002f0$002fSD_ILS:582857\/one\" target=\"_blank\" rel=\"noopener noreferrer\">F\u00eates en couleurs<\/a> (Book)<\/li>\n<li><a href=\"https:\/\/thecanadianencyclopedia.ca\/fr\/article\/francophones-of-manitoba\" target=\"_blank\" rel=\"noopener noreferrer\">Francophones du Manitoba<\/a> (Website)<\/li>\n<li><a href=\"https:\/\/www.clo-ocol.gc.ca\/fr\/infographie-ce-que-canadiens-pensent-du-bilinguisme-loi-sur-langues-officielles\" target=\"_blank\" rel=\"noopener noreferrer\">What Canadians think about bilingualism and the Official Languages Act <\/a>(Website)<\/li>\n<\/ul>\n","protected":false},"excerpt":{"rendered":"<p>Grade 6 Overall Expectations: Determine meaning in a variety of French texts, using a range of reading comprehension strategies Tout sur les oiseaux (Book) Tout sur les chevaux (Book) Un hamster extraordinaire (Book) \u00catre g\u00e9n\u00e9reux (Showing Generosity) (Hoopla e-book) Identify the purpose(s) and characteristics of a variety of adapted and authentic text forms, including fictional, &hellip; <a class=\"read-excerpt\" href=\"https:\/\/www.windsorpubliclibrary.com\/learn\/index.php\/grade-1-8\/grade-6\/grade-6-french-core-reading\/\">Continue reading <span class=\"meta-nav\">&raquo;<\/span><\/a><\/p>\n","protected":false},"author":1,"featured_media":0,"parent":25,"menu_order":0,"comment_status":"closed","ping_status":"closed","template":"","meta":[],"_links":{"self":[{"href":"https:\/\/www.windsorpubliclibrary.com\/learn\/index.php\/wp-json\/wp\/v2\/pages\/1322"}],"collection":[{"href":"https:\/\/www.windsorpubliclibrary.com\/learn\/index.php\/wp-json\/wp\/v2\/pages"}],"about":[{"href":"https:\/\/www.windsorpubliclibrary.com\/learn\/index.php\/wp-json\/wp\/v2\/types\/page"}],"author":[{"embeddable":true,"href":"https:\/\/www.windsorpubliclibrary.com\/learn\/index.php\/wp-json\/wp\/v2\/users\/1"}],"replies":[{"embeddable":true,"href":"https:\/\/www.windsorpubliclibrary.com\/learn\/index.php\/wp-json\/wp\/v2\/comments?post=1322"}],"version-history":[{"count":7,"href":"https:\/\/www.windsorpubliclibrary.com\/learn\/index.php\/wp-json\/wp\/v2\/pages\/1322\/revisions"}],"predecessor-version":[{"id":4100,"href":"https:\/\/www.windsorpubliclibrary.com\/learn\/index.php\/wp-json\/wp\/v2\/pages\/1322\/revisions\/4100"}],"up":[{"embeddable":true,"href":"https:\/\/www.windsorpubliclibrary.com\/learn\/index.php\/wp-json\/wp\/v2\/pages\/25"}],"wp:attachment":[{"href":"https:\/\/www.windsorpubliclibrary.com\/learn\/index.php\/wp-json\/wp\/v2\/media?parent=1322"}],"curies":[{"name":"wp","href":"https:\/\/api.w.org\/{rel}","templated":true}]}}